{"id":2,"date":"2017-01-08T20:04:13","date_gmt":"2017-01-08T20:04:13","guid":{"rendered":"http:\/\/studiorebus.eu\/?page_id=2"},"modified":"2025-10-29T10:25:45","modified_gmt":"2025-10-29T10:25:45","slug":"about","status":"publish","type":"page","link":"https:\/\/studiorebus.eu\/hr\/about\/","title":{"rendered":"O nama \u2013 Digitalni marketing koji osna\u017euje male poduzetnike"},"content":{"rendered":"<div class=\"wpb-content-wrapper\"><div class=\"vc_row vc-row-wrapper\" data-parallax_sense=\"30\"><div class=\"wpb_row row\" >\n\t<div class=\"six columns vc-column-extra-class-6a06d5605af5d\" data-parallax_sense=\"30\">\n\t\t<div class=\"wpb_wrapper\">\n\t\t\t<div class=\"dfd-spacer-module\"  data-units=\"px\" data-wide_resolution=\"1280\" data-wide_size=\"70\" data-normal_resolution=\"1024\" data-normal_size=\"\" data-tablet_resolution=\"800\" data-tablet_size=\"\" data-mobile_resolution=\"480\" data-mobile_size=\"\" style=\"height: 70px;\"><\/div>\n\t<div class=\"wpb_text_column wpb_content_element\" >\n\t\t<div class=\"wpb_wrapper\">\n\t\t\t<h5 data-start=\"145\" data-end=\"163\">Tko smo<\/h5>\n<p data-start=\"164\" data-end=\"449\">Studio Rebus je kreativni digitalni odjel nagra\u0111ivane tehnolo\u0161ke tvrtke Silver technologies. Od 2019. godine poma\u017eemo malim i srednjim poduze\u0107ima da rastu online kroz pametnu strategiju, odva\u017enu kreativnost te tehni\u010dku inovativnost i preciznost.<\/p>\n<h5 data-start=\"451\" data-end=\"467\">\u010cime se bavimo<\/h5>\n<p data-start=\"468\" data-end=\"817\">Kreiramo prilago\u0111ena digitalna marketin\u0161ka rje\u0161enja za mala i srednja poduze\u0107a u Hrvatskoj i inozemstvu. Na\u0161a stru\u010dnost obuhva\u0107a istra\u017eivanje tr\u017ei\u0161ta, brendiranje, upravljanje dru\u0161tvenim mre\u017eama, web dizajn i online ogla\u0161avanje. Isporu\u010dujemo skalabilne strategije koje donose stvarne rezultate \u2014 od privla\u010dnog sadr\u017eaja i responzivnih web stranica do kampanja temeljenih na podacima koje povezuju i konvertiraju.<\/p>\n<h5 data-start=\"819\" data-end=\"838\">Za\u0161to odabrati nas<\/h5>\n<p data-start=\"839\" data-end=\"1096\">Lokalno znanje, globalna perspektiva. Kombiniramo kreativnost s istra\u017eivanjem i strategijom vo\u0111enom podacima kako bismo ostvarili mjerljiv rast \u2014 ne samo klikove i lajkove. Sa Studiom Rebus dobivate partnera koji je transparentan, agilan i iskreno posve\u0107en va\u0161em uspjehu.<\/p>\n<p data-start=\"1098\" data-end=\"1138\"><strong data-start=\"1098\" data-end=\"1136\">Rastimo zajedno.<\/strong><\/p>\n\n\t\t<\/div> \n\t<\/div> \n\t\t<\/div> \n\t<\/div> \n\t<div class=\"six columns vc-column-extra-class-6a06d5605b4d0\" data-parallax_sense=\"30\">\n\t\t<div class=\"wpb_wrapper\">\n\t\t\t<div class=\"vc-row-wrapper vc_inner vc_row-fluid dfd-inner-row-6a06d5605b6d3\"><div class=\"row wpb_row\"><div class=\"vc-column-hover-6a06d5605b8d1 columns twelve\"><div class=\"wpb_wrapper\"><div id=\"dfd-single-image-module6a06d5605be2b-4606\" class=\"dfd-single-image-module  image-center  dfd-img-lazy-load\" ><img loading=\"lazy\" decoding=\"async\" src=\"data:image\/svg+xml;charset=utf-8,%3Csvg xmlns%3D'http%3A%2F%2Fwww.w3.org%2F2000%2Fsvg' viewBox%3D'0 0 580 751'%2F%3E\" data-src=\"https:\/\/studiorebus.eu\/wp-content\/uploads\/2020\/04\/iPhone.png\" width=\"580\" height=\"751\"  alt=\"Image module\" \/><\/div><\/div><\/div><\/div><\/div>\n\t\t<\/div> \n\t<\/div> <\/div><div class=\"dfd-row-bg-overlay\" style=\"opacity: 0.8;\"><\/div><\/div><div  class=\"vc_row vc-row-wrapper\" data-parallax_sense=\"30\"><div class=\"wpb_row row\" >\n\t<div class=\"twelve columns vc-column-extra-class-6a06d5605c3d1\" data-parallax_sense=\"30\">\n\t\t<div class=\"wpb_wrapper\">\n\t\t\t<div class=\"dfd-spacer-module\"  data-units=\"px\" data-wide_resolution=\"1280\" data-wide_size=\"130\" data-normal_resolution=\"1024\" data-normal_size=\"100\" data-tablet_resolution=\"800\" data-tablet_size=\"90\" data-mobile_resolution=\"480\" data-mobile_size=\"60\" style=\"height: 130px;\"><\/div>\n\t\t<\/div> \n\t<\/div> <\/div><div class=\"dfd-row-bg-overlay\" style=\"opacity: 0.8;\"><\/div><\/div>\n<\/div>","protected":false},"excerpt":{"rendered":"Who we are Studio Rebus is the creative digital marketing arm of the award-winning technology company Silver Technologies. Since 2019, we\u2019ve helped small and medium-sized businesses grow online through smart","protected":false},"author":1,"featured_media":0,"parent":0,"menu_order":0,"comment_status":"open","ping_status":"open","template":"","meta":{"footnotes":""},"class_list":["post-2","page","type-page","status-publish","hentry"],"yoast_head":"<!-- This site is optimized with the Yoast SEO plugin v27.3 - https:\/\/yoast.com\/product\/yoast-seo-wordpress\/ -->\n<title>About - Digital marketing that empowers Small Businesses - Digital marketing agency for SME&#039;s<\/title>\n<meta name=\"description\" content=\"Studio Rebus is a Croatia-based digital marketing agency helping SME&#039;s grow online. Offering SEO, content, web, and social media services.\" \/>\n<meta name=\"robots\" content=\"index, follow, max-snippet:-1, max-image-preview:large, max-video-preview:-1\" \/>\n<link rel=\"canonical\" href=\"https:\/\/studiorebus.eu\/hr\/about\/\" \/>\n<meta property=\"og:locale\" content=\"hr_HR\" \/>\n<meta property=\"og:type\" content=\"article\" \/>\n<meta property=\"og:title\" content=\"About - Digital marketing that empowers Small Businesses - Digital marketing agency for SME&#039;s\" \/>\n<meta property=\"og:description\" content=\"Studio Rebus is a Croatia-based digital marketing agency helping SME&#039;s grow online. Offering SEO, content, web, and social media services.\" \/>\n<meta property=\"og:url\" content=\"https:\/\/studiorebus.eu\/hr\/about\/\" \/>\n<meta property=\"og:site_name\" content=\"Digital marketing agency for SME&#039;s\" \/>\n<meta property=\"article:publisher\" content=\"https:\/\/www.facebook.com\/RebusSTU\" \/>\n<meta property=\"article:modified_time\" content=\"2025-10-29T10:25:45+00:00\" \/>\n<meta name=\"twitter:card\" content=\"summary_large_image\" \/>\n<meta name=\"twitter:label1\" content=\"Procijenjeno vrijeme \u010ditanja\" \/>\n\t<meta name=\"twitter:data1\" content=\"1 minuta\" \/>\n<script type=\"application\/ld+json\" class=\"yoast-schema-graph\">{\"@context\":\"https:\\\/\\\/schema.org\",\"@graph\":[{\"@type\":\"WebPage\",\"@id\":\"https:\\\/\\\/studiorebus.eu\\\/about\\\/\",\"url\":\"https:\\\/\\\/studiorebus.eu\\\/about\\\/\",\"name\":\"About - Digital marketing that empowers Small Businesses - Digital marketing agency for SME&#039;s\",\"isPartOf\":{\"@id\":\"https:\\\/\\\/studiorebus.eu\\\/#website\"},\"datePublished\":\"2017-01-08T20:04:13+00:00\",\"dateModified\":\"2025-10-29T10:25:45+00:00\",\"description\":\"Studio Rebus is a Croatia-based digital marketing agency helping SME's grow online. Offering SEO, content, web, and social media services.\",\"breadcrumb\":{\"@id\":\"https:\\\/\\\/studiorebus.eu\\\/about\\\/#breadcrumb\"},\"inLanguage\":\"hr\",\"potentialAction\":[{\"@type\":\"ReadAction\",\"target\":[\"https:\\\/\\\/studiorebus.eu\\\/about\\\/\"]}]},{\"@type\":\"BreadcrumbList\",\"@id\":\"https:\\\/\\\/studiorebus.eu\\\/about\\\/#breadcrumb\",\"itemListElement\":[{\"@type\":\"ListItem\",\"position\":1,\"name\":\"Home\",\"item\":\"https:\\\/\\\/studiorebus.eu\\\/\"},{\"@type\":\"ListItem\",\"position\":2,\"name\":\"About &#8211; Digital marketing that empowers Small Businesses\"}]},{\"@type\":\"WebSite\",\"@id\":\"https:\\\/\\\/studiorebus.eu\\\/#website\",\"url\":\"https:\\\/\\\/studiorebus.eu\\\/\",\"name\":\"Digital marketing agency for SME&#039;s\",\"description\":\"Studio Rebus\",\"publisher\":{\"@id\":\"https:\\\/\\\/studiorebus.eu\\\/#organization\"},\"potentialAction\":[{\"@type\":\"SearchAction\",\"target\":{\"@type\":\"EntryPoint\",\"urlTemplate\":\"https:\\\/\\\/studiorebus.eu\\\/?s={search_term_string}\"},\"query-input\":{\"@type\":\"PropertyValueSpecification\",\"valueRequired\":true,\"valueName\":\"search_term_string\"}}],\"inLanguage\":\"hr\"},{\"@type\":\"Organization\",\"@id\":\"https:\\\/\\\/studiorebus.eu\\\/#organization\",\"name\":\"Studio Rebus\",\"url\":\"https:\\\/\\\/studiorebus.eu\\\/\",\"logo\":{\"@type\":\"ImageObject\",\"inLanguage\":\"hr\",\"@id\":\"https:\\\/\\\/studiorebus.eu\\\/#\\\/schema\\\/logo\\\/image\\\/\",\"url\":\"https:\\\/\\\/studiorebus.eu\\\/wp-content\\\/uploads\\\/2021\\\/06\\\/StudioLOGO.jpg\",\"contentUrl\":\"https:\\\/\\\/studiorebus.eu\\\/wp-content\\\/uploads\\\/2021\\\/06\\\/StudioLOGO.jpg\",\"width\":2048,\"height\":1459,\"caption\":\"Studio Rebus\"},\"image\":{\"@id\":\"https:\\\/\\\/studiorebus.eu\\\/#\\\/schema\\\/logo\\\/image\\\/\"},\"sameAs\":[\"https:\\\/\\\/www.facebook.com\\\/RebusSTU\"]}]}<\/script>\n<!-- \/ Yoast SEO plugin. -->","yoast_head_json":{"title":"About - Digital marketing that empowers Small Businesses - Digital marketing agency for SME&#039;s","description":"Studio Rebus is a Croatia-based digital marketing agency helping SME's grow online. Offering SEO, content, web, and social media services.","robots":{"index":"index","follow":"follow","max-snippet":"max-snippet:-1","max-image-preview":"max-image-preview:large","max-video-preview":"max-video-preview:-1"},"canonical":"https:\/\/studiorebus.eu\/hr\/about\/","og_locale":"hr_HR","og_type":"article","og_title":"About - Digital marketing that empowers Small Businesses - Digital marketing agency for SME&#039;s","og_description":"Studio Rebus is a Croatia-based digital marketing agency helping SME's grow online. Offering SEO, content, web, and social media services.","og_url":"https:\/\/studiorebus.eu\/hr\/about\/","og_site_name":"Digital marketing agency for SME&#039;s","article_publisher":"https:\/\/www.facebook.com\/RebusSTU","article_modified_time":"2025-10-29T10:25:45+00:00","twitter_card":"summary_large_image","twitter_misc":{"Procijenjeno vrijeme \u010ditanja":"1 minuta"},"schema":{"@context":"https:\/\/schema.org","@graph":[{"@type":"WebPage","@id":"https:\/\/studiorebus.eu\/about\/","url":"https:\/\/studiorebus.eu\/about\/","name":"About - Digital marketing that empowers Small Businesses - Digital marketing agency for SME&#039;s","isPartOf":{"@id":"https:\/\/studiorebus.eu\/#website"},"datePublished":"2017-01-08T20:04:13+00:00","dateModified":"2025-10-29T10:25:45+00:00","description":"Studio Rebus is a Croatia-based digital marketing agency helping SME's grow online. Offering SEO, content, web, and social media services.","breadcrumb":{"@id":"https:\/\/studiorebus.eu\/about\/#breadcrumb"},"inLanguage":"hr","potentialAction":[{"@type":"ReadAction","target":["https:\/\/studiorebus.eu\/about\/"]}]},{"@type":"BreadcrumbList","@id":"https:\/\/studiorebus.eu\/about\/#breadcrumb","itemListElement":[{"@type":"ListItem","position":1,"name":"Home","item":"https:\/\/studiorebus.eu\/"},{"@type":"ListItem","position":2,"name":"About &#8211; Digital marketing that empowers Small Businesses"}]},{"@type":"WebSite","@id":"https:\/\/studiorebus.eu\/#website","url":"https:\/\/studiorebus.eu\/","name":"Digital marketing agency for SME&#039;s","description":"Studio Rebus","publisher":{"@id":"https:\/\/studiorebus.eu\/#organization"},"potentialAction":[{"@type":"SearchAction","target":{"@type":"EntryPoint","urlTemplate":"https:\/\/studiorebus.eu\/?s={search_term_string}"},"query-input":{"@type":"PropertyValueSpecification","valueRequired":true,"valueName":"search_term_string"}}],"inLanguage":"hr"},{"@type":"Organization","@id":"https:\/\/studiorebus.eu\/#organization","name":"Studio Rebus","url":"https:\/\/studiorebus.eu\/","logo":{"@type":"ImageObject","inLanguage":"hr","@id":"https:\/\/studiorebus.eu\/#\/schema\/logo\/image\/","url":"https:\/\/studiorebus.eu\/wp-content\/uploads\/2021\/06\/StudioLOGO.jpg","contentUrl":"https:\/\/studiorebus.eu\/wp-content\/uploads\/2021\/06\/StudioLOGO.jpg","width":2048,"height":1459,"caption":"Studio Rebus"},"image":{"@id":"https:\/\/studiorebus.eu\/#\/schema\/logo\/image\/"},"sameAs":["https:\/\/www.facebook.com\/RebusSTU"]}]}},"_links":{"self":[{"href":"https:\/\/studiorebus.eu\/hr\/wp-json\/wp\/v2\/pages\/2","targetHints":{"allow":["GET"]}}],"collection":[{"href":"https:\/\/studiorebus.eu\/hr\/wp-json\/wp\/v2\/pages"}],"about":[{"href":"https:\/\/studiorebus.eu\/hr\/wp-json\/wp\/v2\/types\/page"}],"author":[{"embeddable":true,"href":"https:\/\/studiorebus.eu\/hr\/wp-json\/wp\/v2\/users\/1"}],"replies":[{"embeddable":true,"href":"https:\/\/studiorebus.eu\/hr\/wp-json\/wp\/v2\/comments?post=2"}],"version-history":[{"count":25,"href":"https:\/\/studiorebus.eu\/hr\/wp-json\/wp\/v2\/pages\/2\/revisions"}],"predecessor-version":[{"id":1126,"href":"https:\/\/studiorebus.eu\/hr\/wp-json\/wp\/v2\/pages\/2\/revisions\/1126"}],"wp:attachment":[{"href":"https:\/\/studiorebus.eu\/hr\/wp-json\/wp\/v2\/media?parent=2"}],"curies":[{"name":"wp","href":"https:\/\/api.w.org\/{rel}","templated":true}]}}