{"id":568,"date":"2025-01-31T10:54:06","date_gmt":"2025-01-31T10:54:06","guid":{"rendered":"https:\/\/studiorebus.eu\/?page_id=568"},"modified":"2025-11-06T19:09:26","modified_gmt":"2025-11-06T19:09:26","slug":"customers","status":"publish","type":"page","link":"https:\/\/studiorebus.eu\/hr\/customers\/","title":{"rendered":"Klijenti"},"content":{"rendered":"<div class=\"wpb-content-wrapper\"><div  class=\"vc_row vc-row-wrapper full_width_content_paddings equal-height-columns aligh-content-verticaly\" data-parallax_sense=\"30\"><div class=\"wpb_row row\" >\n\t<div class=\"twelve columns vc-column-extra-class-6a045fa112e27\" data-parallax_sense=\"30\">\n\t\t<div class=\"wpb_wrapper\">\n\t\t\t<div id=\"dfd-client-logo-6a045fa113116-6266\" class=\"dfd-client-logo-wrap  style-2 enable-shadow enable-delimiter\" data-count=\"4\"  data-animate=\"1\" data-animate-type = \"transition.bounceIn\"><div class=\"dfd-client-logo-offset-wrap\"><div class=\"dfd-client-logo-list row\"><div class=\"dfd-item-offset columns columns-with-border  dfd-img-lazy-load three\"><div class=\"dfd-client-logo-item with-content\"><span class=\"dfd-shadow-wrap\"><\/span><div class=\"thumb-wrap\"><img decoding=\"async\" src=\"data:image\/svg+xml;charset=utf-8,%3Csvg xmlns%3D'http%3A%2F%2Fwww.w3.org%2F2000%2Fsvg' viewBox%3D'0 0 300 200'%2F%3E\" data-src=\"https:\/\/studiorebus.eu\/wp-content\/uploads\/2025\/11\/Hostel-300x200.png\" alt=\"Client logo\"  \/><\/div><div class=\"content-wrap\"><div class=\"title-wrap\"><div class=\"dfd-content-title-big\" style=\"\">Senaratne partners<\/div><div class=\"dfd-content-subtitle\" style=\"\">Hosteli i restorani<\/div><\/div><div class=\"description\" style=\"\">Hostel i bar u samom srcu Zagreba, s uslugom 24\/7, smje\u0161tajem prilago\u0111enim grupama, tematskim ve\u010derima te organiziranim turama po gradu i Plitvi\u010dkim jezerima za putnike koji tra\u017ee udobnost, zajedni\u0161tvo i zabavu.<\/div><\/div><a href=\"https:\/\/www-hostel.com\/\" class=\"full-box-link\"  target=\"_blank\" ><\/a><\/div><\/div><div class=\"dfd-item-offset columns columns-with-border  dfd-img-lazy-load three\"><div class=\"dfd-client-logo-item with-content\"><span class=\"dfd-shadow-wrap\"><\/span><div class=\"thumb-wrap\"><img decoding=\"async\" src=\"data:image\/svg+xml;charset=utf-8,%3Csvg xmlns%3D'http%3A%2F%2Fwww.w3.org%2F2000%2Fsvg' viewBox%3D'0 0 300 200'%2F%3E\" data-src=\"https:\/\/studiorebus.eu\/wp-content\/uploads\/2021\/04\/cropped-Pametni_gradovi_antracit-1-e1737038252568.png\" alt=\"Client logo\"  \/><\/div><div class=\"content-wrap\"><div class=\"title-wrap\"><div class=\"dfd-content-title-big\" style=\"\">Pametni gradovi<\/div><div class=\"dfd-content-subtitle\" style=\"\">Web portal<\/div><\/div><div class=\"description\" style=\"\">A Croatian portal dedicated to news and insights on smart technology solutions for local governments, cities, and municipalities<\/div><\/div><a href=\"https:\/\/pametni-gradovi.eu\/\" class=\"full-box-link\"  target=\"_blank\" ><\/a><\/div><\/div><div class=\"dfd-item-offset columns columns-with-border  dfd-img-lazy-load three\"><div class=\"dfd-client-logo-item with-content\"><span class=\"dfd-shadow-wrap\"><\/span><div class=\"thumb-wrap\"><img decoding=\"async\" src=\"data:image\/svg+xml;charset=utf-8,%3Csvg xmlns%3D'http%3A%2F%2Fwww.w3.org%2F2000%2Fsvg' viewBox%3D'0 0 300 200'%2F%3E\" data-src=\"https:\/\/studiorebus.eu\/wp-content\/uploads\/2021\/04\/Sail2Croatia.png\" alt=\"Client logo\"  \/><\/div><div class=\"content-wrap\"><div class=\"title-wrap\"><div class=\"dfd-content-title-big\" style=\"\">Sail 2 Croatia<\/div><div class=\"dfd-content-subtitle\" style=\"\">Iznajmljivanje brodova<\/div><\/div><div class=\"description\" style=\"\">Explore Croatia&#039;s yacht charter paradise with Sail2Croatia: luxury sailing, top destinations, and professional crew services<\/div><\/div><a href=\"https:\/\/sail2croatia.com\/hr\" class=\"full-box-link\"  target=\"_blank\" ><\/a><\/div><\/div><div class=\"dfd-item-offset columns columns-with-border  dfd-img-lazy-load three\"><div class=\"dfd-client-logo-item with-content\"><span class=\"dfd-shadow-wrap\"><\/span><div class=\"thumb-wrap\"><img decoding=\"async\" src=\"data:image\/svg+xml;charset=utf-8,%3Csvg xmlns%3D'http%3A%2F%2Fwww.w3.org%2F2000%2Fsvg' viewBox%3D'0 0 300 200'%2F%3E\" data-src=\"https:\/\/studiorebus.eu\/wp-content\/uploads\/2017\/01\/diana-petricevic_logo_HQ-e1737038457157.jpg\" alt=\"Client logo\"  \/><\/div><div class=\"content-wrap\"><div class=\"title-wrap\"><div class=\"dfd-content-title-big\" style=\"\">Private healthcare practice Petricevic<\/div><div class=\"dfd-content-subtitle\" style=\"\">Healthcare services<\/div><\/div><div class=\"description\" style=\"\">Website for a healthcare private practice covering a wide range of healthcare services and relevant information<\/div><\/div><a href=\"https:\/\/ordinacija-petricevic.hr\" class=\"full-box-link\"  target=\"_blank\" ><\/a><\/div><\/div><div class=\"dfd-item-offset columns columns-with-border  dfd-img-lazy-load three\"><div class=\"dfd-client-logo-item with-content\"><span class=\"dfd-shadow-wrap\"><\/span><div class=\"thumb-wrap\"><img decoding=\"async\" src=\"data:image\/svg+xml;charset=utf-8,%3Csvg xmlns%3D'http%3A%2F%2Fwww.w3.org%2F2000%2Fsvg' viewBox%3D'0 0 300 200'%2F%3E\" data-src=\"https:\/\/studiorebus.eu\/wp-content\/uploads\/2018\/09\/picontrol_orig-1-e1537277862419.png\" alt=\"Client logo\"  \/><\/div><div class=\"content-wrap\"><div class=\"title-wrap\"><div class=\"dfd-content-title-big\" style=\"\">PiControl Solutions<\/div><div class=\"dfd-content-subtitle\" style=\"\">Software Development Company<\/div><\/div><div class=\"description\" style=\"\">PiControl Solutions, as international process control and automation company, is one of the top Oil and Gas solutions providers<\/div><\/div><a href=\"https:\/\/www.picontrolsolutions.com\/\" class=\"full-box-link\"  target=\"_blank\" ><\/a><\/div><\/div><div class=\"dfd-item-offset columns columns-with-border  dfd-img-lazy-load three\"><div class=\"dfd-client-logo-item with-content\"><span class=\"dfd-shadow-wrap\"><\/span><div class=\"thumb-wrap\"><img decoding=\"async\" src=\"data:image\/svg+xml;charset=utf-8,%3Csvg xmlns%3D'http%3A%2F%2Fwww.w3.org%2F2000%2Fsvg' viewBox%3D'0 0 300 200'%2F%3E\" data-src=\"https:\/\/studiorebus.eu\/wp-content\/uploads\/2018\/09\/AIAPC-1.jpg\" alt=\"Client logo\"  \/><\/div><div class=\"content-wrap\"><div class=\"title-wrap\"><div class=\"dfd-content-title-big\" style=\"\">Ameri\u010dki institut za automatizaciju i upravljanje procesima<\/div><div class=\"dfd-content-subtitle\" style=\"\">Razvoj softwera &amp; edukacija<\/div><\/div><div class=\"description\" style=\"\">AIAPC has been developing and selling software and technology and conducting training since 1990<\/div><\/div><a href=\"https:\/\/www.aiapc.org\/\" class=\"full-box-link\"  target=\"_blank\" ><\/a><\/div><\/div><div class=\"dfd-item-offset columns columns-with-border  dfd-img-lazy-load three\"><div class=\"dfd-client-logo-item with-content\"><span class=\"dfd-shadow-wrap\"><\/span><div class=\"thumb-wrap\"><img decoding=\"async\" src=\"data:image\/svg+xml;charset=utf-8,%3Csvg xmlns%3D'http%3A%2F%2Fwww.w3.org%2F2000%2Fsvg' viewBox%3D'0 0 300 200'%2F%3E\" data-src=\"https:\/\/studiorebus.eu\/wp-content\/uploads\/2025\/01\/SZS-logotip-redizajn-rgb-A-72.jpg\" alt=\"Client logo\"  \/><\/div><div class=\"content-wrap\"><div class=\"title-wrap\"><div class=\"dfd-content-title-big\" style=\"\">Sve za sport<\/div><div class=\"dfd-content-subtitle\" style=\"\">Organizacija sportskih evenata<\/div><\/div><div class=\"description\" style=\"\">The organization and implementation of various sports competitions, sports schools for different sports and all age groups, and nautical tourism<\/div><\/div><a href=\"https:\/\/svezasport.hr\/\" class=\"full-box-link\"  target=\"_blank\" ><\/a><\/div><\/div><div class=\"dfd-item-offset columns columns-with-border  dfd-img-lazy-load three\"><div class=\"dfd-client-logo-item with-content\"><span class=\"dfd-shadow-wrap\"><\/span><div class=\"thumb-wrap\"><img decoding=\"async\" src=\"data:image\/svg+xml;charset=utf-8,%3Csvg xmlns%3D'http%3A%2F%2Fwww.w3.org%2F2000%2Fsvg' viewBox%3D'0 0 300 200'%2F%3E\" data-src=\"https:\/\/studiorebus.eu\/wp-content\/uploads\/2025\/01\/smsmsm.png\" alt=\"Client logo\"  \/><\/div><div class=\"content-wrap\"><div class=\"title-wrap\"><div class=\"dfd-content-title-big\" style=\"\">Spike media<\/div><div class=\"dfd-content-subtitle\" style=\"\">Mediji i zabava<\/div><\/div><div class=\"description\" style=\"\">Spike media owns and operates a collection of highly successful entertainment websites to create one of the world&#039;s largest content platforms for the male audience<\/div><\/div><a href=\"https:\/\/www.spikemedia.co\" class=\"full-box-link\"  target=\"_blank\" ><\/a><\/div><\/div><div class=\"dfd-item-offset columns columns-with-border  dfd-img-lazy-load three\"><div class=\"dfd-client-logo-item with-content\"><span class=\"dfd-shadow-wrap\"><\/span><div class=\"thumb-wrap\"><img decoding=\"async\" src=\"data:image\/svg+xml;charset=utf-8,%3Csvg xmlns%3D'http%3A%2F%2Fwww.w3.org%2F2000%2Fsvg' viewBox%3D'0 0 300 200'%2F%3E\" data-src=\"https:\/\/studiorebus.eu\/wp-content\/uploads\/2025\/01\/OIP-1.jpg\" alt=\"Client logo\"  \/><\/div><div class=\"content-wrap\"><div class=\"title-wrap\"><div class=\"dfd-content-title-big\" style=\"\">Videoreha<\/div><div class=\"dfd-content-subtitle\" style=\"\">Platforma za fizikalnu rehabilitaciju<\/div><\/div><div class=\"description\" style=\"\">On-line platforma za fizikalnu rehabilitaciju<\/div><\/div><a href=\"https:\/\/www.videoreha.com\/en-us\" class=\"full-box-link\"  target=\"_blank\" ><\/a><\/div><\/div><div class=\"dfd-item-offset columns columns-with-border  dfd-img-lazy-load three\"><div class=\"dfd-client-logo-item with-content\"><span class=\"dfd-shadow-wrap\"><\/span><div class=\"thumb-wrap\"><img decoding=\"async\" src=\"data:image\/svg+xml;charset=utf-8,%3Csvg xmlns%3D'http%3A%2F%2Fwww.w3.org%2F2000%2Fsvg' viewBox%3D'0 0 300 200'%2F%3E\" data-src=\"https:\/\/studiorebus.eu\/wp-content\/uploads\/2025\/01\/cropped-logo_2_opt.png\" alt=\"Client logo\"  \/><\/div><div class=\"content-wrap\"><div class=\"title-wrap\"><div class=\"dfd-content-title-big\" style=\"\">Spa Wellness<\/div><div class=\"dfd-content-subtitle\" style=\"\">Web portal<\/div><\/div><div class=\"description\" style=\"\">Spa-wellnesss je prvi hrvatski portal namijenjen primarno za wellness industriju i tematiku<\/div><\/div><a href=\"https:\/\/spa-wellness.eu\/wp\/\" class=\"full-box-link\"  target=\"_blank\" ><\/a><\/div><\/div><\/div><\/div><\/div>\n\t\t<\/div> \n\t<\/div> <\/div><div class=\"dfd-row-bg-overlay\" style=\"opacity: 0.8;\"><\/div><\/div>\n<\/div>","protected":false},"excerpt":{"rendered":"Senaratne partnersHostels &amp; restaurantsA vibrant hostel and bar in the heart of Zagreb, offering 24\/7 service, group-friendly accommodations, themed nights, and curated city and Plitvice Lakes tours for travelers seeking","protected":false},"author":1,"featured_media":0,"parent":0,"menu_order":0,"comment_status":"closed","ping_status":"closed","template":"","meta":{"footnotes":""},"class_list":["post-568","page","type-page","status-publish","hentry"],"yoast_head":"<!-- This site is optimized with the Yoast SEO plugin v27.3 - https:\/\/yoast.com\/product\/yoast-seo-wordpress\/ -->\n<title>Customers - Digital marketing agency for SME&#039;s<\/title>\n<meta name=\"description\" content=\"Studio Rebus Customers\" \/>\n<meta name=\"robots\" content=\"index, follow, max-snippet:-1, max-image-preview:large, max-video-preview:-1\" \/>\n<link rel=\"canonical\" href=\"https:\/\/studiorebus.eu\/hr\/customers\/\" \/>\n<meta property=\"og:locale\" content=\"hr_HR\" \/>\n<meta property=\"og:type\" content=\"article\" \/>\n<meta property=\"og:title\" content=\"Customers - Digital marketing agency for SME&#039;s\" \/>\n<meta property=\"og:description\" content=\"Studio Rebus Customers\" \/>\n<meta property=\"og:url\" content=\"https:\/\/studiorebus.eu\/hr\/customers\/\" \/>\n<meta property=\"og:site_name\" content=\"Digital marketing agency for SME&#039;s\" \/>\n<meta property=\"article:publisher\" content=\"https:\/\/www.facebook.com\/RebusSTU\" \/>\n<meta property=\"article:modified_time\" content=\"2025-11-06T19:09:26+00:00\" \/>\n<meta name=\"twitter:card\" content=\"summary_large_image\" \/>\n<meta name=\"twitter:label1\" content=\"Procijenjeno vrijeme \u010ditanja\" \/>\n\t<meta name=\"twitter:data1\" content=\"3 minute\" \/>\n<script type=\"application\/ld+json\" class=\"yoast-schema-graph\">{\"@context\":\"https:\\\/\\\/schema.org\",\"@graph\":[{\"@type\":\"WebPage\",\"@id\":\"https:\\\/\\\/studiorebus.eu\\\/customers\\\/\",\"url\":\"https:\\\/\\\/studiorebus.eu\\\/customers\\\/\",\"name\":\"Customers - Digital marketing agency for SME&#039;s\",\"isPartOf\":{\"@id\":\"https:\\\/\\\/studiorebus.eu\\\/#website\"},\"datePublished\":\"2025-01-31T10:54:06+00:00\",\"dateModified\":\"2025-11-06T19:09:26+00:00\",\"description\":\"Studio Rebus Customers\",\"breadcrumb\":{\"@id\":\"https:\\\/\\\/studiorebus.eu\\\/customers\\\/#breadcrumb\"},\"inLanguage\":\"hr\",\"potentialAction\":[{\"@type\":\"ReadAction\",\"target\":[\"https:\\\/\\\/studiorebus.eu\\\/customers\\\/\"]}]},{\"@type\":\"BreadcrumbList\",\"@id\":\"https:\\\/\\\/studiorebus.eu\\\/customers\\\/#breadcrumb\",\"itemListElement\":[{\"@type\":\"ListItem\",\"position\":1,\"name\":\"Home\",\"item\":\"https:\\\/\\\/studiorebus.eu\\\/\"},{\"@type\":\"ListItem\",\"position\":2,\"name\":\"Customers\"}]},{\"@type\":\"WebSite\",\"@id\":\"https:\\\/\\\/studiorebus.eu\\\/#website\",\"url\":\"https:\\\/\\\/studiorebus.eu\\\/\",\"name\":\"Digital marketing agency for SME&#039;s\",\"description\":\"Studio Rebus\",\"publisher\":{\"@id\":\"https:\\\/\\\/studiorebus.eu\\\/#organization\"},\"potentialAction\":[{\"@type\":\"SearchAction\",\"target\":{\"@type\":\"EntryPoint\",\"urlTemplate\":\"https:\\\/\\\/studiorebus.eu\\\/?s={search_term_string}\"},\"query-input\":{\"@type\":\"PropertyValueSpecification\",\"valueRequired\":true,\"valueName\":\"search_term_string\"}}],\"inLanguage\":\"hr\"},{\"@type\":\"Organization\",\"@id\":\"https:\\\/\\\/studiorebus.eu\\\/#organization\",\"name\":\"Studio Rebus\",\"url\":\"https:\\\/\\\/studiorebus.eu\\\/\",\"logo\":{\"@type\":\"ImageObject\",\"inLanguage\":\"hr\",\"@id\":\"https:\\\/\\\/studiorebus.eu\\\/#\\\/schema\\\/logo\\\/image\\\/\",\"url\":\"https:\\\/\\\/studiorebus.eu\\\/wp-content\\\/uploads\\\/2021\\\/06\\\/StudioLOGO.jpg\",\"contentUrl\":\"https:\\\/\\\/studiorebus.eu\\\/wp-content\\\/uploads\\\/2021\\\/06\\\/StudioLOGO.jpg\",\"width\":2048,\"height\":1459,\"caption\":\"Studio Rebus\"},\"image\":{\"@id\":\"https:\\\/\\\/studiorebus.eu\\\/#\\\/schema\\\/logo\\\/image\\\/\"},\"sameAs\":[\"https:\\\/\\\/www.facebook.com\\\/RebusSTU\"]}]}<\/script>\n<!-- \/ Yoast SEO plugin. -->","yoast_head_json":{"title":"Customers - Digital marketing agency for SME&#039;s","description":"Studio Rebus Customers","robots":{"index":"index","follow":"follow","max-snippet":"max-snippet:-1","max-image-preview":"max-image-preview:large","max-video-preview":"max-video-preview:-1"},"canonical":"https:\/\/studiorebus.eu\/hr\/customers\/","og_locale":"hr_HR","og_type":"article","og_title":"Customers - Digital marketing agency for SME&#039;s","og_description":"Studio Rebus Customers","og_url":"https:\/\/studiorebus.eu\/hr\/customers\/","og_site_name":"Digital marketing agency for SME&#039;s","article_publisher":"https:\/\/www.facebook.com\/RebusSTU","article_modified_time":"2025-11-06T19:09:26+00:00","twitter_card":"summary_large_image","twitter_misc":{"Procijenjeno vrijeme \u010ditanja":"3 minute"},"schema":{"@context":"https:\/\/schema.org","@graph":[{"@type":"WebPage","@id":"https:\/\/studiorebus.eu\/customers\/","url":"https:\/\/studiorebus.eu\/customers\/","name":"Customers - Digital marketing agency for SME&#039;s","isPartOf":{"@id":"https:\/\/studiorebus.eu\/#website"},"datePublished":"2025-01-31T10:54:06+00:00","dateModified":"2025-11-06T19:09:26+00:00","description":"Studio Rebus Customers","breadcrumb":{"@id":"https:\/\/studiorebus.eu\/customers\/#breadcrumb"},"inLanguage":"hr","potentialAction":[{"@type":"ReadAction","target":["https:\/\/studiorebus.eu\/customers\/"]}]},{"@type":"BreadcrumbList","@id":"https:\/\/studiorebus.eu\/customers\/#breadcrumb","itemListElement":[{"@type":"ListItem","position":1,"name":"Home","item":"https:\/\/studiorebus.eu\/"},{"@type":"ListItem","position":2,"name":"Customers"}]},{"@type":"WebSite","@id":"https:\/\/studiorebus.eu\/#website","url":"https:\/\/studiorebus.eu\/","name":"Digital marketing agency for SME&#039;s","description":"Studio Rebus","publisher":{"@id":"https:\/\/studiorebus.eu\/#organization"},"potentialAction":[{"@type":"SearchAction","target":{"@type":"EntryPoint","urlTemplate":"https:\/\/studiorebus.eu\/?s={search_term_string}"},"query-input":{"@type":"PropertyValueSpecification","valueRequired":true,"valueName":"search_term_string"}}],"inLanguage":"hr"},{"@type":"Organization","@id":"https:\/\/studiorebus.eu\/#organization","name":"Studio Rebus","url":"https:\/\/studiorebus.eu\/","logo":{"@type":"ImageObject","inLanguage":"hr","@id":"https:\/\/studiorebus.eu\/#\/schema\/logo\/image\/","url":"https:\/\/studiorebus.eu\/wp-content\/uploads\/2021\/06\/StudioLOGO.jpg","contentUrl":"https:\/\/studiorebus.eu\/wp-content\/uploads\/2021\/06\/StudioLOGO.jpg","width":2048,"height":1459,"caption":"Studio Rebus"},"image":{"@id":"https:\/\/studiorebus.eu\/#\/schema\/logo\/image\/"},"sameAs":["https:\/\/www.facebook.com\/RebusSTU"]}]}},"_links":{"self":[{"href":"https:\/\/studiorebus.eu\/hr\/wp-json\/wp\/v2\/pages\/568","targetHints":{"allow":["GET"]}}],"collection":[{"href":"https:\/\/studiorebus.eu\/hr\/wp-json\/wp\/v2\/pages"}],"about":[{"href":"https:\/\/studiorebus.eu\/hr\/wp-json\/wp\/v2\/types\/page"}],"author":[{"embeddable":true,"href":"https:\/\/studiorebus.eu\/hr\/wp-json\/wp\/v2\/users\/1"}],"replies":[{"embeddable":true,"href":"https:\/\/studiorebus.eu\/hr\/wp-json\/wp\/v2\/comments?post=568"}],"version-history":[{"count":13,"href":"https:\/\/studiorebus.eu\/hr\/wp-json\/wp\/v2\/pages\/568\/revisions"}],"predecessor-version":[{"id":1176,"href":"https:\/\/studiorebus.eu\/hr\/wp-json\/wp\/v2\/pages\/568\/revisions\/1176"}],"wp:attachment":[{"href":"https:\/\/studiorebus.eu\/hr\/wp-json\/wp\/v2\/media?parent=568"}],"curies":[{"name":"wp","href":"https:\/\/api.w.org\/{rel}","templated":true}]}}