{"id":764,"date":"2025-01-13T14:04:12","date_gmt":"2025-01-13T14:04:12","guid":{"rendered":"https:\/\/studiorebus.eu\/?page_id=764"},"modified":"2025-10-29T11:06:16","modified_gmt":"2025-10-29T11:06:16","slug":"services","status":"publish","type":"page","link":"https:\/\/studiorebus.eu\/hr\/services\/","title":{"rendered":"Usluge"},"content":{"rendered":"<div class=\"wpb-content-wrapper\"><div class=\"vc_row vc-row-wrapper vc_custom_1738101162515\" data-parallax_sense=\"30\"><div class=\"wpb_row row\" >\n\t<div class=\"six columns vc-column-extra-class-6a06d56e90ca6\" data-parallax_sense=\"30\">\n\t\t<div class=\"wpb_wrapper\">\n\t\t\t\n\t<div class=\"wpb_text_column wpb_content_element\" >\n\t\t<div class=\"wpb_wrapper\">\n\t\t\t<h4>Web Razvoj<\/h4>\n<p>Web Dizajn<br \/>\nUX &amp; UI<br \/>\nE-commerce Web razvoj<br \/>\nWeb Razvoj<\/p>\n<h4>Performans marketing<\/h4>\n<p>Konzulting &amp; Strategija<br \/>\nOptimizacija Konverzije<br \/>\nOptimizacija za tra\u017eilice<br \/>\nDigitalna Analitika<br \/>\nDigitalno Ogla\u0161avanje (Google Ads, Facebook, Instagram, LinkedIn)<\/p>\n<h4>Marketin\u0161ka Komunikacija<\/h4>\n<p>Content marketing i Kreiranje sadr\u017eaja<br \/>\nCopywriting<br \/>\nRazvoj kreativnih kampanja<br \/>\nNativno Ogla\u0161avanje<br \/>\nE-mail Marketing<br \/>\nPodr\u0161ka u community managementu<br \/>\nSocial Media Marketing (Facebook, Instagram, TikTok, LinkedIn, etc.)<\/p>\n<h4>Ostalo<\/h4>\n<p>Razvoj proizvoda i istra\u017eivanje<br \/>\nIstra\u017eivanje tr\u017ei\u0161ta<br \/>\nPoslovno planiranje i strategija<\/p>\n<h4><\/h4>\n<p>&nbsp;<\/p>\n<p>&nbsp;<\/p>\n\n\t\t<\/div> \n\t<\/div> \n\t\t<\/div> \n\t<\/div> \n\t<div class=\"six columns vc-column-extra-class-6a06d56e91171\" data-parallax_sense=\"30\">\n\t\t<div class=\"wpb_wrapper\">\n\t\t\t<div class=\"dfd-heading-shortcode\"><div class=\"dfd-heading-module-wrap  text-left style_01 cr-animate-gen dfd-heading-6a06d56e91311 dfd-disable-resposive-headings\" id=\"dfd-heading-6a06d56e91311\" data-animate-type = \"transition.slideLeftIn\" ><div class=\"inline-block\"><div class=\"dfd-heading-module\"><h4 class=\"widget-title dfd-title\" style=\"\">Za\u0161to odabrati nas za digitalni marketing?<\/h4><\/div><\/div><\/div><script type=\"text\/javascript\">\r\n\t\t\t\t\t\t\t\t\t(function($) {\r\n\t\t\t\t\t\t\t\t\t\t$(\"head\").append(\"<style>.dfd-heading-6a06d56e91311.dfd-heading-module-wrap .dfd-heading-module .dfd-heading-delimiter {margin-top:10px;margin-bottom:10px;}<\/style>\");\r\n\t\t\t\t\t\t\t\t\t})(jQuery);\r\n\t\t\t\t\t\t\t\t<\/script><\/div><div class=\"dfd-spacer-module\"  data-units=\"px\" data-wide_resolution=\"1280\" data-wide_size=\"30\" data-normal_resolution=\"1024\" data-normal_size=\"30\" data-tablet_resolution=\"800\" data-tablet_size=\"20\" data-mobile_resolution=\"480\" data-mobile_size=\"20\" style=\"height: 30px;\"><\/div><div id=\"dfd-progress-6a06d56e914bd-5870\" class=\"dfd-progressbar layout-1 text-top  cr-animate-gen\" data-animate-type = \"transition.slideLeftIn\" ><div class=\"title-wrap\"><div class=\"progressbar-title\" style=\"\">Industrijska ekspertiza<\/div><div class=\"progressbar-number\" style=\"\">100<span>%<\/span><\/div><\/div>\r\n\t\t\t<div class=\"progress-bar-line\" ><div style=\"background: linear-gradient(to right, #954689 0%,#954689 100%); \" class=\"meter\"  data-percentage-value=\"100\"><\/div><\/div><\/div><script type=\"text\/javascript\">\r\n\t\t\t\t\t(function($) {\r\n\t\t\t\t\t\t$(\"head\").append(\"<style>#dfd-progress-6a06d56e914bd-5870.dfd-progressbar.layout-2 .progress-bar-line:before, #dfd-progress-6a06d56e914bd-5870.dfd-progressbar.layout-3 .progress-bar-line:before { }<\/style>\");\r\n\t\t\t\t\t})(jQuery);\r\n\t\t\t\t<\/script><div class=\"dfd-spacer-module\"  data-units=\"px\" data-wide_resolution=\"1280\" data-wide_size=\"25\" data-normal_resolution=\"1024\" data-normal_size=\"25\" data-tablet_resolution=\"800\" data-tablet_size=\"25\" data-mobile_resolution=\"480\" data-mobile_size=\"25\" style=\"height: 25px;\"><\/div><div id=\"dfd-progress-6a06d56e915eb-8442\" class=\"dfd-progressbar layout-1 text-top  cr-animate-gen\" data-animate-type = \"transition.slideLeftIn\" ><div class=\"title-wrap\"><div class=\"progressbar-title\" style=\"\">Pristup usmjeren na rezultate<\/div><div class=\"progressbar-number\" style=\"\">100<span>%<\/span><\/div><\/div>\r\n\t\t\t<div class=\"progress-bar-line\" ><div style=\"background: linear-gradient(to right, #954689 0%,#954689 100%); \" class=\"meter\"  data-percentage-value=\"100\"><\/div><\/div><\/div><script type=\"text\/javascript\">\r\n\t\t\t\t\t(function($) {\r\n\t\t\t\t\t\t$(\"head\").append(\"<style>#dfd-progress-6a06d56e915eb-8442.dfd-progressbar.layout-2 .progress-bar-line:before, #dfd-progress-6a06d56e915eb-8442.dfd-progressbar.layout-3 .progress-bar-line:before { }<\/style>\");\r\n\t\t\t\t\t})(jQuery);\r\n\t\t\t\t<\/script><div class=\"dfd-spacer-module\"  data-units=\"px\" data-wide_resolution=\"1280\" data-wide_size=\"25\" data-normal_resolution=\"1024\" data-normal_size=\"24\" data-tablet_resolution=\"800\" data-tablet_size=\"25\" data-mobile_resolution=\"480\" data-mobile_size=\"25\" style=\"height: 25px;\"><\/div><div id=\"dfd-progress-6a06d56e916c1-1746\" class=\"dfd-progressbar layout-1 text-top  cr-animate-gen\" data-animate-type = \"transition.slideLeftIn\" ><div class=\"title-wrap\"><div class=\"progressbar-title\" style=\"\">Prilago\u0111ene strategije<\/div><div class=\"progressbar-number\" style=\"\">100<span>%<\/span><\/div><\/div>\r\n\t\t\t<div class=\"progress-bar-line\" ><div style=\"background: linear-gradient(to right, #954689 0%,#954689 100%); \" class=\"meter\"  data-percentage-value=\"100\"><\/div><\/div><\/div><script type=\"text\/javascript\">\r\n\t\t\t\t\t(function($) {\r\n\t\t\t\t\t\t$(\"head\").append(\"<style>#dfd-progress-6a06d56e916c1-1746.dfd-progressbar.layout-2 .progress-bar-line:before, #dfd-progress-6a06d56e916c1-1746.dfd-progressbar.layout-3 .progress-bar-line:before { }<\/style>\");\r\n\t\t\t\t\t})(jQuery);\r\n\t\t\t\t<\/script><div class=\"dfd-spacer-module\"  data-units=\"px\" data-wide_resolution=\"1280\" data-wide_size=\"30\" data-normal_resolution=\"1024\" data-normal_size=\"30\" data-tablet_resolution=\"800\" data-tablet_size=\"30\" data-mobile_resolution=\"480\" data-mobile_size=\"30\" style=\"height: 30px;\"><\/div><div id=\"dfd-progress-6a06d56e91794-9173\" class=\"dfd-progressbar layout-1 text-top  cr-animate-gen\" data-animate-type = \"transition.slideLeftIn\" ><div class=\"title-wrap\"><div class=\"progressbar-title\" style=\"\">Najmoderniji alati i tehnike<\/div><div class=\"progressbar-number\" style=\"\">100<span>%<\/span><\/div><\/div>\r\n\t\t\t<div class=\"progress-bar-line\" ><div style=\"background: linear-gradient(to right, #954689 0%,#954689 100%); \" class=\"meter\"  data-percentage-value=\"100\"><\/div><\/div><\/div><script type=\"text\/javascript\">\r\n\t\t\t\t\t(function($) {\r\n\t\t\t\t\t\t$(\"head\").append(\"<style>#dfd-progress-6a06d56e91794-9173.dfd-progressbar.layout-2 .progress-bar-line:before, #dfd-progress-6a06d56e91794-9173.dfd-progressbar.layout-3 .progress-bar-line:before { }<\/style>\");\r\n\t\t\t\t\t})(jQuery);\r\n\t\t\t\t<\/script><div id=\"dfd-single-image-module6a06d56e91c70-421\" class=\"dfd-single-image-module  image-center  dfd-img-lazy-load\" ><img loading=\"lazy\" decoding=\"async\" src=\"data:image\/svg+xml;charset=utf-8,%3Csvg xmlns%3D'http%3A%2F%2Fwww.w3.org%2F2000%2Fsvg' viewBox%3D'0 0 580 751'%2F%3E\" data-src=\"https:\/\/studiorebus.eu\/wp-content\/uploads\/2020\/04\/iPhone.png\" width=\"580\" height=\"751\"  alt=\"Image module\" \/><\/div>\n\t\t<\/div> \n\t<\/div> <\/div><div class=\"dfd-row-bg-overlay\" style=\"opacity: 0.8;\"><\/div><\/div><div  class=\"vc_row vc-row-wrapper\" data-parallax_sense=\"30\"><div class=\"wpb_row row\" >\n\t<div class=\"twelve columns vc-column-extra-class-6a06d56e922ce\" data-parallax_sense=\"30\">\n\t\t<div class=\"wpb_wrapper\">\n\t\t\t<div class=\"dfd-spacer-module\"  data-units=\"px\" data-wide_resolution=\"1280\" data-wide_size=\"128\" data-normal_resolution=\"1024\" data-normal_size=\"100\" data-tablet_resolution=\"800\" data-tablet_size=\"90\" data-mobile_resolution=\"480\" data-mobile_size=\"60\" style=\"height: 128px;\"><\/div>\n\t\t<\/div> \n\t<\/div> <\/div><div class=\"dfd-row-bg-overlay\" style=\"opacity: 0.8;\"><\/div><\/div>\n<\/div>","protected":false},"excerpt":{"rendered":"Web Development Web Design UX &amp; UI E-commerce Development Web Development Performance Marketing Consulting &amp; Strategy Conversion Rate Optimization (CRO) Search Engine Optimization (SEO) Digital Analytics (Google Analytics) Digital Advertising","protected":false},"author":1,"featured_media":0,"parent":0,"menu_order":0,"comment_status":"closed","ping_status":"closed","template":"tmp-page-no-sidebar.php","meta":{"footnotes":""},"class_list":["post-764","page","type-page","status-publish","hentry"],"yoast_head":"<!-- This site is optimized with the Yoast SEO plugin v27.3 - https:\/\/yoast.com\/product\/yoast-seo-wordpress\/ -->\n<title>Services - Digital marketing agency for SME&#039;s<\/title>\n<meta name=\"description\" content=\"Digital marketing for healthcare: specialized strategies to build trust, attract patients, and achieve measurable growth.\" \/>\n<meta name=\"robots\" content=\"index, follow, max-snippet:-1, max-image-preview:large, max-video-preview:-1\" \/>\n<link rel=\"canonical\" href=\"https:\/\/studiorebus.eu\/hr\/services\/\" \/>\n<meta property=\"og:locale\" content=\"hr_HR\" \/>\n<meta property=\"og:type\" content=\"article\" \/>\n<meta property=\"og:title\" content=\"Services - Digital marketing agency for SME&#039;s\" \/>\n<meta property=\"og:description\" content=\"Digital marketing for healthcare: specialized strategies to build trust, attract patients, and achieve measurable growth.\" \/>\n<meta property=\"og:url\" content=\"https:\/\/studiorebus.eu\/hr\/services\/\" \/>\n<meta property=\"og:site_name\" content=\"Digital marketing agency for SME&#039;s\" \/>\n<meta property=\"article:publisher\" content=\"https:\/\/www.facebook.com\/RebusSTU\" \/>\n<meta property=\"article:modified_time\" content=\"2025-10-29T11:06:16+00:00\" \/>\n<meta name=\"twitter:card\" content=\"summary_large_image\" \/>\n<meta name=\"twitter:label1\" content=\"Procijenjeno vrijeme \u010ditanja\" \/>\n\t<meta name=\"twitter:data1\" content=\"2 minute\" \/>\n<script type=\"application\/ld+json\" class=\"yoast-schema-graph\">{\"@context\":\"https:\\\/\\\/schema.org\",\"@graph\":[{\"@type\":\"WebPage\",\"@id\":\"https:\\\/\\\/studiorebus.eu\\\/services\\\/\",\"url\":\"https:\\\/\\\/studiorebus.eu\\\/services\\\/\",\"name\":\"Services - Digital marketing agency for SME&#039;s\",\"isPartOf\":{\"@id\":\"https:\\\/\\\/studiorebus.eu\\\/#website\"},\"datePublished\":\"2025-01-13T14:04:12+00:00\",\"dateModified\":\"2025-10-29T11:06:16+00:00\",\"description\":\"Digital marketing for healthcare: specialized strategies to build trust, attract patients, and achieve measurable growth.\",\"breadcrumb\":{\"@id\":\"https:\\\/\\\/studiorebus.eu\\\/services\\\/#breadcrumb\"},\"inLanguage\":\"hr\",\"potentialAction\":[{\"@type\":\"ReadAction\",\"target\":[\"https:\\\/\\\/studiorebus.eu\\\/services\\\/\"]}]},{\"@type\":\"BreadcrumbList\",\"@id\":\"https:\\\/\\\/studiorebus.eu\\\/services\\\/#breadcrumb\",\"itemListElement\":[{\"@type\":\"ListItem\",\"position\":1,\"name\":\"Home\",\"item\":\"https:\\\/\\\/studiorebus.eu\\\/\"},{\"@type\":\"ListItem\",\"position\":2,\"name\":\"Services\"}]},{\"@type\":\"WebSite\",\"@id\":\"https:\\\/\\\/studiorebus.eu\\\/#website\",\"url\":\"https:\\\/\\\/studiorebus.eu\\\/\",\"name\":\"Digital marketing agency for SME&#039;s\",\"description\":\"Studio Rebus\",\"publisher\":{\"@id\":\"https:\\\/\\\/studiorebus.eu\\\/#organization\"},\"potentialAction\":[{\"@type\":\"SearchAction\",\"target\":{\"@type\":\"EntryPoint\",\"urlTemplate\":\"https:\\\/\\\/studiorebus.eu\\\/?s={search_term_string}\"},\"query-input\":{\"@type\":\"PropertyValueSpecification\",\"valueRequired\":true,\"valueName\":\"search_term_string\"}}],\"inLanguage\":\"hr\"},{\"@type\":\"Organization\",\"@id\":\"https:\\\/\\\/studiorebus.eu\\\/#organization\",\"name\":\"Studio Rebus\",\"url\":\"https:\\\/\\\/studiorebus.eu\\\/\",\"logo\":{\"@type\":\"ImageObject\",\"inLanguage\":\"hr\",\"@id\":\"https:\\\/\\\/studiorebus.eu\\\/#\\\/schema\\\/logo\\\/image\\\/\",\"url\":\"https:\\\/\\\/studiorebus.eu\\\/wp-content\\\/uploads\\\/2021\\\/06\\\/StudioLOGO.jpg\",\"contentUrl\":\"https:\\\/\\\/studiorebus.eu\\\/wp-content\\\/uploads\\\/2021\\\/06\\\/StudioLOGO.jpg\",\"width\":2048,\"height\":1459,\"caption\":\"Studio Rebus\"},\"image\":{\"@id\":\"https:\\\/\\\/studiorebus.eu\\\/#\\\/schema\\\/logo\\\/image\\\/\"},\"sameAs\":[\"https:\\\/\\\/www.facebook.com\\\/RebusSTU\"]}]}<\/script>\n<!-- \/ Yoast SEO plugin. -->","yoast_head_json":{"title":"Services - Digital marketing agency for SME&#039;s","description":"Digital marketing for healthcare: specialized strategies to build trust, attract patients, and achieve measurable growth.","robots":{"index":"index","follow":"follow","max-snippet":"max-snippet:-1","max-image-preview":"max-image-preview:large","max-video-preview":"max-video-preview:-1"},"canonical":"https:\/\/studiorebus.eu\/hr\/services\/","og_locale":"hr_HR","og_type":"article","og_title":"Services - Digital marketing agency for SME&#039;s","og_description":"Digital marketing for healthcare: specialized strategies to build trust, attract patients, and achieve measurable growth.","og_url":"https:\/\/studiorebus.eu\/hr\/services\/","og_site_name":"Digital marketing agency for SME&#039;s","article_publisher":"https:\/\/www.facebook.com\/RebusSTU","article_modified_time":"2025-10-29T11:06:16+00:00","twitter_card":"summary_large_image","twitter_misc":{"Procijenjeno vrijeme \u010ditanja":"2 minute"},"schema":{"@context":"https:\/\/schema.org","@graph":[{"@type":"WebPage","@id":"https:\/\/studiorebus.eu\/services\/","url":"https:\/\/studiorebus.eu\/services\/","name":"Services - Digital marketing agency for SME&#039;s","isPartOf":{"@id":"https:\/\/studiorebus.eu\/#website"},"datePublished":"2025-01-13T14:04:12+00:00","dateModified":"2025-10-29T11:06:16+00:00","description":"Digital marketing for healthcare: specialized strategies to build trust, attract patients, and achieve measurable growth.","breadcrumb":{"@id":"https:\/\/studiorebus.eu\/services\/#breadcrumb"},"inLanguage":"hr","potentialAction":[{"@type":"ReadAction","target":["https:\/\/studiorebus.eu\/services\/"]}]},{"@type":"BreadcrumbList","@id":"https:\/\/studiorebus.eu\/services\/#breadcrumb","itemListElement":[{"@type":"ListItem","position":1,"name":"Home","item":"https:\/\/studiorebus.eu\/"},{"@type":"ListItem","position":2,"name":"Services"}]},{"@type":"WebSite","@id":"https:\/\/studiorebus.eu\/#website","url":"https:\/\/studiorebus.eu\/","name":"Digital marketing agency for SME&#039;s","description":"Studio Rebus","publisher":{"@id":"https:\/\/studiorebus.eu\/#organization"},"potentialAction":[{"@type":"SearchAction","target":{"@type":"EntryPoint","urlTemplate":"https:\/\/studiorebus.eu\/?s={search_term_string}"},"query-input":{"@type":"PropertyValueSpecification","valueRequired":true,"valueName":"search_term_string"}}],"inLanguage":"hr"},{"@type":"Organization","@id":"https:\/\/studiorebus.eu\/#organization","name":"Studio Rebus","url":"https:\/\/studiorebus.eu\/","logo":{"@type":"ImageObject","inLanguage":"hr","@id":"https:\/\/studiorebus.eu\/#\/schema\/logo\/image\/","url":"https:\/\/studiorebus.eu\/wp-content\/uploads\/2021\/06\/StudioLOGO.jpg","contentUrl":"https:\/\/studiorebus.eu\/wp-content\/uploads\/2021\/06\/StudioLOGO.jpg","width":2048,"height":1459,"caption":"Studio Rebus"},"image":{"@id":"https:\/\/studiorebus.eu\/#\/schema\/logo\/image\/"},"sameAs":["https:\/\/www.facebook.com\/RebusSTU"]}]}},"_links":{"self":[{"href":"https:\/\/studiorebus.eu\/hr\/wp-json\/wp\/v2\/pages\/764","targetHints":{"allow":["GET"]}}],"collection":[{"href":"https:\/\/studiorebus.eu\/hr\/wp-json\/wp\/v2\/pages"}],"about":[{"href":"https:\/\/studiorebus.eu\/hr\/wp-json\/wp\/v2\/types\/page"}],"author":[{"embeddable":true,"href":"https:\/\/studiorebus.eu\/hr\/wp-json\/wp\/v2\/users\/1"}],"replies":[{"embeddable":true,"href":"https:\/\/studiorebus.eu\/hr\/wp-json\/wp\/v2\/comments?post=764"}],"version-history":[{"count":112,"href":"https:\/\/studiorebus.eu\/hr\/wp-json\/wp\/v2\/pages\/764\/revisions"}],"predecessor-version":[{"id":1129,"href":"https:\/\/studiorebus.eu\/hr\/wp-json\/wp\/v2\/pages\/764\/revisions\/1129"}],"wp:attachment":[{"href":"https:\/\/studiorebus.eu\/hr\/wp-json\/wp\/v2\/media?parent=764"}],"curies":[{"name":"wp","href":"https:\/\/api.w.org\/{rel}","templated":true}]}}